{"id":3126,"date":"2025-02-10T14:04:56","date_gmt":"2025-02-10T13:04:56","guid":{"rendered":"http:\/\/192.168.5.143\/?page_id=3126"},"modified":"2025-04-24T13:27:35","modified_gmt":"2025-04-24T11:27:35","slug":"biografie","status":"publish","type":"page","link":"http:\/\/simonelukas.art\/?page_id=3126","title":{"rendered":"Biografie"},"content":{"rendered":"\t\t<div data-elementor-type=\"wp-page\" data-elementor-id=\"3126\" class=\"elementor elementor-3126\" data-elementor-post-type=\"page\">\n\t\t\t\t\t\t<section class=\"elementor-section elementor-top-section elementor-element elementor-element-55eb400b elementor-section-boxed elementor-section-height-default elementor-section-height-default\" data-id=\"55eb400b\" data-element_type=\"section\" data-e-type=\"section\" id=\"Biografie\">\n\t\t\t\t\t\t<div class=\"elementor-container elementor-column-gap-default\">\n\t\t\t\t\t<div class=\"elementor-column elementor-col-33 elementor-top-column elementor-element elementor-element-3374af73\" data-id=\"3374af73\" data-element_type=\"column\" data-e-type=\"column\">\n\t\t\t<div class=\"elementor-widget-wrap elementor-element-populated\">\n\t\t\t\t\t\t<div class=\"elementor-element elementor-element-3f939a35 elementor-widget-divider--view-line elementor-widget elementor-widget-divider\" data-id=\"3f939a35\" data-element_type=\"widget\" data-e-type=\"widget\" data-widget_type=\"divider.default\">\n\t\t\t\t<div class=\"elementor-widget-container\">\n\t\t\t\t\t\t\t<div class=\"elementor-divider\">\n\t\t\t<span class=\"elementor-divider-separator\">\n\t\t\t\t\t\t<\/span>\n\t\t<\/div>\n\t\t\t\t\t\t<\/div>\n\t\t\t\t<\/div>\n\t\t\t\t\t<\/div>\n\t\t<\/div>\n\t\t\t\t<div class=\"elementor-column elementor-col-33 elementor-top-column elementor-element elementor-element-7ec92ed7\" data-id=\"7ec92ed7\" data-element_type=\"column\" data-e-type=\"column\">\n\t\t\t<div class=\"elementor-widget-wrap elementor-element-populated\">\n\t\t\t\t\t\t<div class=\"elementor-element elementor-element-106ea724 envato-kit-138-bracket elementor-widget__width-initial elementor-widget elementor-widget-heading\" data-id=\"106ea724\" data-element_type=\"widget\" data-e-type=\"widget\" data-widget_type=\"heading.default\">\n\t\t\t\t<div class=\"elementor-widget-container\">\n\t\t\t\t\t<h3 class=\"elementor-heading-title elementor-size-default\">Biografie<\/h3>\t\t\t\t<\/div>\n\t\t\t\t<\/div>\n\t\t\t\t\t<\/div>\n\t\t<\/div>\n\t\t\t\t<div class=\"elementor-column elementor-col-33 elementor-top-column elementor-element elementor-element-4798c0e2\" data-id=\"4798c0e2\" data-element_type=\"column\" data-e-type=\"column\">\n\t\t\t<div class=\"elementor-widget-wrap elementor-element-populated\">\n\t\t\t\t\t\t<div class=\"elementor-element elementor-element-22eaa0e0 elementor-nav-menu__align-end elementor-nav-menu--dropdown-tablet elementor-nav-menu__text-align-aside elementor-widget elementor-widget-nav-menu\" data-id=\"22eaa0e0\" data-element_type=\"widget\" data-e-type=\"widget\" data-settings=\"{&quot;layout&quot;:&quot;horizontal&quot;,&quot;submenu_icon&quot;:{&quot;value&quot;:&quot;&lt;i class=\\&quot;fas fa-caret-down\\&quot; aria-hidden=\\&quot;true\\&quot;&gt;&lt;\\\/i&gt;&quot;,&quot;library&quot;:&quot;fa-solid&quot;}}\" data-widget_type=\"nav-menu.default\">\n\t\t\t\t<div class=\"elementor-widget-container\">\n\t\t\t\t\t\t\t\t<nav aria-label=\"Men\u00fc\" class=\"elementor-nav-menu--main elementor-nav-menu__container elementor-nav-menu--layout-horizontal e--pointer-none\">\n\t\t\t\t<ul id=\"menu-1-22eaa0e0\" class=\"elementor-nav-menu\"><li class=\"menu-item menu-item-type-post_type menu-item-object-page menu-item-home menu-item-3122\"><a href=\"http:\/\/simonelukas.art\/\" class=\"elementor-item\"><i class=\"icon before line-icon icon-home\" aria-hidden=\"true\"><\/i><span class=\"menu-text\">\u00a0\u00a0Home<\/span><\/a><\/li>\n<\/ul>\t\t\t<\/nav>\n\t\t\t\t\t\t<nav class=\"elementor-nav-menu--dropdown elementor-nav-menu__container\" aria-hidden=\"true\">\n\t\t\t\t<ul id=\"menu-2-22eaa0e0\" class=\"elementor-nav-menu\"><li class=\"menu-item menu-item-type-post_type menu-item-object-page menu-item-home menu-item-3122\"><a href=\"http:\/\/simonelukas.art\/\" class=\"elementor-item\" tabindex=\"-1\"><i class=\"icon before line-icon icon-home\" aria-hidden=\"true\"><\/i><span class=\"menu-text\">\u00a0\u00a0Home<\/span><\/a><\/li>\n<\/ul>\t\t\t<\/nav>\n\t\t\t\t\t\t<\/div>\n\t\t\t\t<\/div>\n\t\t\t\t\t<\/div>\n\t\t<\/div>\n\t\t\t\t\t<\/div>\n\t\t<\/section>\n\t\t\t\t<section class=\"elementor-section elementor-top-section elementor-element elementor-element-c777c3a elementor-section-stretched elementor-section-boxed elementor-section-height-default elementor-section-height-default\" data-id=\"c777c3a\" data-element_type=\"section\" data-e-type=\"section\" data-settings=\"{&quot;background_background&quot;:&quot;classic&quot;,&quot;stretch_section&quot;:&quot;section-stretched&quot;}\">\n\t\t\t\t\t\t<div class=\"elementor-container elementor-column-gap-default\">\n\t\t\t\t\t<div class=\"elementor-column elementor-col-100 elementor-top-column elementor-element elementor-element-61d4f6c8\" data-id=\"61d4f6c8\" data-element_type=\"column\" data-e-type=\"column\" data-settings=\"{&quot;background_background&quot;:&quot;classic&quot;}\">\n\t\t\t<div class=\"elementor-widget-wrap elementor-element-populated\">\n\t\t\t\t\t\t<div class=\"elementor-element elementor-element-2f7ed701 elementor-widget__width-initial elementor-widget elementor-widget-text-editor\" data-id=\"2f7ed701\" data-element_type=\"widget\" data-e-type=\"widget\" data-widget_type=\"text-editor.default\">\n\t\t\t\t<div class=\"elementor-widget-container\">\n\t\t\t\t\t\t\t\t\t<h4><strong>CV<\/strong><\/h4><p>Simone Lukas<br \/>Malerin, Gestalterin, Modedesignerin<br \/>Geburtsort M\u00f6nchengladbach<br \/>Lebt und arbeitet in K\u00f6ln<\/p><p>Dipl.-Ing. Textil- und Bekleidungstechnik, Gestaltung, FH-Niederrhein M\u00f6nchengladbach<br \/>Diplom 2002<br \/>Streifen als Gestaltungsmotiv in seiner historischen und gesellschaftlichen Bedeutung<br \/>Basierend auf dem Buch von Michel Pastoureau: Des Teufels Tuch<\/p><p>Gestaltung und Design bei Prof. Braun, Prof. Fritze<br \/>Freie Malerei bei Prof. Garda<\/p><p>Freiberufliche Malerin seit 2003<\/p><p>Atelier Kulturamt &#8211; Stadt K\u00f6ln<br \/>Ehemalige j\u00fcdische Strohhutfabrik Silberberg &amp; Mayer<\/p><h4><strong><br \/>Ausstellungen <\/strong>(Auswahl)<\/h4><p>Nacht VG Museum Eich 2025<\/p><p>Wasser VG Museum Eich 2024<\/p><p>East Meets West Galerie plan. D. D\u00fcsseldorf 2024<\/p><p>IDA 3 InterDisziplin\u00e4reAktion Gedok Michael Horbach Stiftung K\u00f6ln 2023<\/p><p>IDA 2\u00a0 InterDisziplin\u00e4reAktion Gedok Frauenmuseum Bonn 2020<\/p><p>Codes \u2013 Offene Ateliers Lichthof Lotharstra\u00dfe K\u00f6ln 2016<\/p><p>100 Jahre Strohhutfabrik Silberberg &amp; Mayer &#8211; Lichthof Lotharstra\u00dfe 2013<\/p><p>Odiloon \u2013 Offene Ateliers Lichthof Lotharstra\u00dfe 2013<\/p><p>INTER ART GALERIE REICH 2011<\/p><p>Vincent &#8211; Lichthof Lotharstra\u00dfe, mit: Etienne Szabo, Georg Michels Komposition und Piano 2010<\/p><p>Stille &#8211; Offene Ateliers Lichthof Lotharstra\u00dfe 2009<\/p><p>Alles was ihr seht ist Schall und Rauch &#8211; Lichthof Lotharstra\u00dfe und Aula, mit Friederike<br \/>Graben, Marcel Terrani 2008<\/p><p>ART Cologne &#8211; Galerie artclub 2008<\/p><p>Schwerkraft &#8211; Galerie artclub 2008<\/p><p>Somewhere &#8211; Lichthof Lotharstra\u00dfe und Offene Ateliers 2006<\/p><p>Ruinen &#8211; Lichthof Lotharstra\u00dfe und Offene Ateliers 2004<\/p><p>Schichtwechsel &#8211; Lichthof Lotharstra\u00dfe und Offene Ateliers 2003<\/p><h4><strong>Mitgliedschaften<\/strong><\/h4><p>Gedok<br \/>Hochstadenstr. 24, 50674 K\u00f6ln<\/p><p>Kunstverein Langenfeld<br \/>Hauptstra\u00dfe 135, 40764 Langenfeld<\/p><h4><strong>Stipendien<\/strong><\/h4><p>NRW Stipendium &#8211; Ministerium f\u00fcr Kultur und Wissenschaft 2020, 2022<\/p><h4><strong>Preise<\/strong><\/h4><p>Bundeswettbewerb &#8211; Jugend malt Europa 1. Preis<\/p><h4><strong>Archiv<\/strong><\/h4><p>INTERART GALERIE REICH<br \/>Neue Langgasse 2, 50667 K\u00f6ln<\/p><p>Galerie artclub<br \/>Melchiorstr. 14, 50670 K\u00f6ln<\/p><p>Kost\u00fcme, Praktikum &#8211; Peter Greenaway, Film: Baby of Macon<\/p><p>Kost\u00fcme &#8211; Eric Woolfson, GAUDI &#8211; the musical, Musical Dome<\/p><p>Modedesign, Praktikum &#8211; Caren Pfleger, Atelier<\/p><p>Instrumentalmusik &#8211; John Mc Laughlin &amp; Shakti, Sporthalle K\u00f6ln<\/p><p>Model &#8211; Peter Savic \u2013 WDR<\/p><p>Schauspiel &#8211; K\u00f6ln, Plastisches Theater, Harlekin&#8217;s Heirat, J. M\u00f6ser<\/p>\t\t\t\t\t\t\t\t<\/div>\n\t\t\t\t<\/div>\n\t\t\t\t\t<\/div>\n\t\t<\/div>\n\t\t\t\t\t<\/div>\n\t\t<\/section>\n\t\t\t\t<\/div>\n\t\t","protected":false},"excerpt":{"rendered":"<p>Biografie CV Simone LukasMalerin, Gestalterin, ModedesignerinGeburtsort M\u00f6nchengladbachLebt und arbeitet in K\u00f6ln Dipl.-Ing. Textil- und Bekleidungstechnik, Gestaltung, FH-Niederrhein M\u00f6nchengladbachDiplom 2002Streifen als Gestaltungsmotiv in seiner historischen und gesellschaftlichen BedeutungBasierend auf dem Buch von Michel Pastoureau: Des Teufels Tuch Gestaltung und Design bei Prof. Braun, Prof. FritzeFreie Malerei bei Prof. Garda Freiberufliche Malerin seit 2003 Atelier Kulturamt &#8211; [&hellip;]<\/p>\n","protected":false},"author":1,"featured_media":0,"parent":0,"menu_order":0,"comment_status":"closed","ping_status":"closed","template":"","meta":{"ocean_post_layout":"full-screen","ocean_both_sidebars_style":"","ocean_both_sidebars_content_width":0,"ocean_both_sidebars_sidebars_width":0,"ocean_sidebar":"","ocean_second_sidebar":"","ocean_disable_margins":"enable","ocean_add_body_class":"","ocean_shortcode_before_top_bar":"","ocean_shortcode_after_top_bar":"","ocean_shortcode_before_header":"","ocean_shortcode_after_header":"","ocean_has_shortcode":"","ocean_shortcode_after_title":"","ocean_shortcode_before_footer_widgets":"","ocean_shortcode_after_footer_widgets":"","ocean_shortcode_before_footer_bottom":"","ocean_shortcode_after_footer_bottom":"","ocean_display_top_bar":"off","ocean_display_header":"off","ocean_header_style":"","ocean_center_header_left_menu":"","ocean_custom_header_template":"","ocean_custom_logo":0,"ocean_custom_retina_logo":0,"ocean_custom_logo_max_width":0,"ocean_custom_logo_tablet_max_width":0,"ocean_custom_logo_mobile_max_width":0,"ocean_custom_logo_max_height":0,"ocean_custom_logo_tablet_max_height":0,"ocean_custom_logo_mobile_max_height":0,"ocean_header_custom_menu":"","ocean_menu_typo_font_family":"","ocean_menu_typo_font_subset":"","ocean_menu_typo_font_size":0,"ocean_menu_typo_font_size_tablet":0,"ocean_menu_typo_font_size_mobile":0,"ocean_menu_typo_font_size_unit":"px","ocean_menu_typo_font_weight":"","ocean_menu_typo_font_weight_tablet":"","ocean_menu_typo_font_weight_mobile":"","ocean_menu_typo_transform":"","ocean_menu_typo_transform_tablet":"","ocean_menu_typo_transform_mobile":"","ocean_menu_typo_line_height":0,"ocean_menu_typo_line_height_tablet":0,"ocean_menu_typo_line_height_mobile":0,"ocean_menu_typo_line_height_unit":"","ocean_menu_typo_spacing":0,"ocean_menu_typo_spacing_tablet":0,"ocean_menu_typo_spacing_mobile":0,"ocean_menu_typo_spacing_unit":"","ocean_menu_link_color":"","ocean_menu_link_color_hover":"","ocean_menu_link_color_active":"","ocean_menu_link_background":"","ocean_menu_link_hover_background":"","ocean_menu_link_active_background":"","ocean_menu_social_links_bg":"","ocean_menu_social_hover_links_bg":"","ocean_menu_social_links_color":"","ocean_menu_social_hover_links_color":"","ocean_disable_title":"on","ocean_disable_heading":"default","ocean_post_title":"","ocean_post_subheading":"","ocean_post_title_style":"","ocean_post_title_background_color":"","ocean_post_title_background":0,"ocean_post_title_bg_image_position":"","ocean_post_title_bg_image_attachment":"","ocean_post_title_bg_image_repeat":"","ocean_post_title_bg_image_size":"","ocean_post_title_height":0,"ocean_post_title_bg_overlay":0.5,"ocean_post_title_bg_overlay_color":"","ocean_disable_breadcrumbs":"default","ocean_breadcrumbs_color":"","ocean_breadcrumbs_separator_color":"","ocean_breadcrumbs_links_color":"","ocean_breadcrumbs_links_hover_color":"","ocean_display_footer_widgets":"default","ocean_display_footer_bottom":"default","ocean_custom_footer_template":"","footnotes":""},"class_list":["post-3126","page","type-page","status-publish","hentry","entry"],"_links":{"self":[{"href":"http:\/\/simonelukas.art\/index.php?rest_route=\/wp\/v2\/pages\/3126","targetHints":{"allow":["GET"]}}],"collection":[{"href":"http:\/\/simonelukas.art\/index.php?rest_route=\/wp\/v2\/pages"}],"about":[{"href":"http:\/\/simonelukas.art\/index.php?rest_route=\/wp\/v2\/types\/page"}],"author":[{"embeddable":true,"href":"http:\/\/simonelukas.art\/index.php?rest_route=\/wp\/v2\/users\/1"}],"replies":[{"embeddable":true,"href":"http:\/\/simonelukas.art\/index.php?rest_route=%2Fwp%2Fv2%2Fcomments&post=3126"}],"version-history":[{"count":22,"href":"http:\/\/simonelukas.art\/index.php?rest_route=\/wp\/v2\/pages\/3126\/revisions"}],"predecessor-version":[{"id":3693,"href":"http:\/\/simonelukas.art\/index.php?rest_route=\/wp\/v2\/pages\/3126\/revisions\/3693"}],"wp:attachment":[{"href":"http:\/\/simonelukas.art\/index.php?rest_route=%2Fwp%2Fv2%2Fmedia&parent=3126"}],"curies":[{"name":"wp","href":"https:\/\/api.w.org\/{rel}","templated":true}]}}