{"id":3466,"date":"2025-02-14T16:17:38","date_gmt":"2025-02-14T15:17:38","guid":{"rendered":"http:\/\/192.168.5.143\/?page_id=3466"},"modified":"2025-06-16T11:36:07","modified_gmt":"2025-06-16T09:36:07","slug":"nie-wieder-und-jetzt","status":"publish","type":"page","link":"http:\/\/simonelukas.art\/?page_id=3466","title":{"rendered":"Nie wieder und jetzt"},"content":{"rendered":"\t\t<div data-elementor-type=\"wp-page\" data-elementor-id=\"3466\" class=\"elementor elementor-3466\" data-elementor-post-type=\"page\">\n\t\t\t\t\t\t<section class=\"elementor-section elementor-top-section elementor-element elementor-element-5539f592 elementor-section-boxed elementor-section-height-default elementor-section-height-default\" data-id=\"5539f592\" data-element_type=\"section\" data-e-type=\"section\" id=\"Ausstellungen\">\n\t\t\t\t\t\t<div class=\"elementor-container elementor-column-gap-default\">\n\t\t\t\t\t<div class=\"elementor-column elementor-col-33 elementor-top-column elementor-element elementor-element-42060e12\" data-id=\"42060e12\" data-element_type=\"column\" data-e-type=\"column\">\n\t\t\t<div class=\"elementor-widget-wrap elementor-element-populated\">\n\t\t\t\t\t\t<div class=\"elementor-element elementor-element-a655ef6 elementor-widget-divider--view-line elementor-widget elementor-widget-divider\" data-id=\"a655ef6\" data-element_type=\"widget\" data-e-type=\"widget\" data-widget_type=\"divider.default\">\n\t\t\t\t<div class=\"elementor-widget-container\">\n\t\t\t\t\t\t\t<div class=\"elementor-divider\">\n\t\t\t<span class=\"elementor-divider-separator\">\n\t\t\t\t\t\t<\/span>\n\t\t<\/div>\n\t\t\t\t\t\t<\/div>\n\t\t\t\t<\/div>\n\t\t\t\t\t<\/div>\n\t\t<\/div>\n\t\t\t\t<div class=\"elementor-column elementor-col-33 elementor-top-column elementor-element elementor-element-149414c3\" data-id=\"149414c3\" data-element_type=\"column\" data-e-type=\"column\">\n\t\t\t<div class=\"elementor-widget-wrap elementor-element-populated\">\n\t\t\t\t\t\t<div class=\"elementor-element elementor-element-7042e717 envato-kit-138-bracket elementor-widget__width-initial elementor-widget elementor-widget-heading\" data-id=\"7042e717\" data-element_type=\"widget\" data-e-type=\"widget\" data-widget_type=\"heading.default\">\n\t\t\t\t<div class=\"elementor-widget-container\">\n\t\t\t\t\t<h3 class=\"elementor-heading-title elementor-size-default\">Ausstellung<\/h3>\t\t\t\t<\/div>\n\t\t\t\t<\/div>\n\t\t\t\t\t<\/div>\n\t\t<\/div>\n\t\t\t\t<div class=\"elementor-column elementor-col-33 elementor-top-column elementor-element elementor-element-1e2e2d15\" data-id=\"1e2e2d15\" data-element_type=\"column\" data-e-type=\"column\">\n\t\t\t<div class=\"elementor-widget-wrap elementor-element-populated\">\n\t\t\t\t\t\t<div class=\"elementor-element elementor-element-10436751 elementor-nav-menu__align-end elementor-widget__width-initial elementor-nav-menu--dropdown-tablet elementor-nav-menu__text-align-aside elementor-widget elementor-widget-nav-menu\" data-id=\"10436751\" data-element_type=\"widget\" data-e-type=\"widget\" data-settings=\"{&quot;layout&quot;:&quot;horizontal&quot;,&quot;submenu_icon&quot;:{&quot;value&quot;:&quot;&lt;i class=\\&quot;fas fa-caret-down\\&quot; aria-hidden=\\&quot;true\\&quot;&gt;&lt;\\\/i&gt;&quot;,&quot;library&quot;:&quot;fa-solid&quot;}}\" data-widget_type=\"nav-menu.default\">\n\t\t\t\t<div class=\"elementor-widget-container\">\n\t\t\t\t\t\t\t\t<nav aria-label=\"Men\u00fc\" class=\"elementor-nav-menu--main elementor-nav-menu__container elementor-nav-menu--layout-horizontal e--pointer-none\">\n\t\t\t\t<ul id=\"menu-1-10436751\" class=\"elementor-nav-menu\"><li class=\"menu-item menu-item-type-custom menu-item-object-custom menu-item-has-children menu-item-3813\"><a href=\"#\" class=\"elementor-item elementor-item-anchor\">Ausstellungen<\/a>\n<ul class=\"sub-menu elementor-nav-menu--dropdown\">\n\t<li class=\"menu-item menu-item-type-post_type menu-item-object-page menu-item-3790\"><a href=\"http:\/\/simonelukas.art\/?page_id=3466\" class=\"elementor-sub-item\">Nie wieder und jetzt<\/a><\/li>\n\t<li class=\"menu-item menu-item-type-post_type menu-item-object-page menu-item-3787\"><a href=\"http:\/\/simonelukas.art\/?page_id=3496\" class=\"elementor-sub-item\">East Meets West<\/a><\/li>\n\t<li class=\"menu-item menu-item-type-post_type menu-item-object-page menu-item-3789\"><a href=\"http:\/\/simonelukas.art\/?page_id=3514\" class=\"elementor-sub-item\">IDA 3<\/a><\/li>\n\t<li class=\"menu-item menu-item-type-post_type menu-item-object-page menu-item-3788\"><a href=\"http:\/\/simonelukas.art\/?page_id=3520\" class=\"elementor-sub-item\">IDA 2<\/a><\/li>\n\t<li class=\"menu-item menu-item-type-post_type menu-item-object-page menu-item-3784\"><a href=\"http:\/\/simonelukas.art\/?page_id=3505\" class=\"elementor-sub-item\">100 Jahre Lichthof<\/a><\/li>\n\t<li class=\"menu-item menu-item-type-post_type menu-item-object-page menu-item-3791\"><a href=\"http:\/\/simonelukas.art\/?page_id=3526\" class=\"elementor-sub-item\">Vincent<\/a><\/li>\n\t<li class=\"menu-item menu-item-type-post_type menu-item-object-page menu-item-3785\"><a href=\"http:\/\/simonelukas.art\/?page_id=3532\" class=\"elementor-sub-item\">Archiv<\/a><\/li>\n<\/ul>\n<\/li>\n<li class=\"menu-item menu-item-type-post_type menu-item-object-page menu-item-home menu-item-3783\"><a href=\"http:\/\/simonelukas.art\/\" class=\"elementor-item\"><i class=\"icon before line-icon icon-home\" aria-hidden=\"true\"><\/i><span class=\"menu-text\">\u00a0\u00a0Home<\/span><\/a><\/li>\n<\/ul>\t\t\t<\/nav>\n\t\t\t\t\t\t<nav class=\"elementor-nav-menu--dropdown elementor-nav-menu__container\" aria-hidden=\"true\">\n\t\t\t\t<ul id=\"menu-2-10436751\" class=\"elementor-nav-menu\"><li class=\"menu-item menu-item-type-custom menu-item-object-custom menu-item-has-children menu-item-3813\"><a href=\"#\" class=\"elementor-item elementor-item-anchor\" tabindex=\"-1\">Ausstellungen<\/a>\n<ul class=\"sub-menu elementor-nav-menu--dropdown\">\n\t<li class=\"menu-item menu-item-type-post_type menu-item-object-page menu-item-3790\"><a href=\"http:\/\/simonelukas.art\/?page_id=3466\" class=\"elementor-sub-item\" tabindex=\"-1\">Nie wieder und jetzt<\/a><\/li>\n\t<li class=\"menu-item menu-item-type-post_type menu-item-object-page menu-item-3787\"><a href=\"http:\/\/simonelukas.art\/?page_id=3496\" class=\"elementor-sub-item\" tabindex=\"-1\">East Meets West<\/a><\/li>\n\t<li class=\"menu-item menu-item-type-post_type menu-item-object-page menu-item-3789\"><a href=\"http:\/\/simonelukas.art\/?page_id=3514\" class=\"elementor-sub-item\" tabindex=\"-1\">IDA 3<\/a><\/li>\n\t<li class=\"menu-item menu-item-type-post_type menu-item-object-page menu-item-3788\"><a href=\"http:\/\/simonelukas.art\/?page_id=3520\" class=\"elementor-sub-item\" tabindex=\"-1\">IDA 2<\/a><\/li>\n\t<li class=\"menu-item menu-item-type-post_type menu-item-object-page menu-item-3784\"><a href=\"http:\/\/simonelukas.art\/?page_id=3505\" class=\"elementor-sub-item\" tabindex=\"-1\">100 Jahre Lichthof<\/a><\/li>\n\t<li class=\"menu-item menu-item-type-post_type menu-item-object-page menu-item-3791\"><a href=\"http:\/\/simonelukas.art\/?page_id=3526\" class=\"elementor-sub-item\" tabindex=\"-1\">Vincent<\/a><\/li>\n\t<li class=\"menu-item menu-item-type-post_type menu-item-object-page menu-item-3785\"><a href=\"http:\/\/simonelukas.art\/?page_id=3532\" class=\"elementor-sub-item\" tabindex=\"-1\">Archiv<\/a><\/li>\n<\/ul>\n<\/li>\n<li class=\"menu-item menu-item-type-post_type menu-item-object-page menu-item-home menu-item-3783\"><a href=\"http:\/\/simonelukas.art\/\" class=\"elementor-item\" tabindex=\"-1\"><i class=\"icon before line-icon icon-home\" aria-hidden=\"true\"><\/i><span class=\"menu-text\">\u00a0\u00a0Home<\/span><\/a><\/li>\n<\/ul>\t\t\t<\/nav>\n\t\t\t\t\t\t<\/div>\n\t\t\t\t<\/div>\n\t\t\t\t\t<\/div>\n\t\t<\/div>\n\t\t\t\t\t<\/div>\n\t\t<\/section>\n\t\t\t\t<section class=\"elementor-section elementor-top-section elementor-element elementor-element-47bdfbb9 elementor-section-items-top elementor-section-height-min-height elementor-section-boxed elementor-section-height-default\" data-id=\"47bdfbb9\" data-element_type=\"section\" data-e-type=\"section\" data-settings=\"{&quot;background_background&quot;:&quot;classic&quot;}\">\n\t\t\t\t\t\t<div class=\"elementor-container elementor-column-gap-default\">\n\t\t\t\t\t<div class=\"elementor-column elementor-col-100 elementor-top-column elementor-element elementor-element-13582927\" data-id=\"13582927\" data-element_type=\"column\" data-e-type=\"column\">\n\t\t\t<div class=\"elementor-widget-wrap elementor-element-populated\">\n\t\t\t\t\t\t<div class=\"elementor-element elementor-element-de7dd32 elementor-widget__width-initial elementor-widget elementor-widget-text-editor\" data-id=\"de7dd32\" data-element_type=\"widget\" data-e-type=\"widget\" data-widget_type=\"text-editor.default\">\n\t\t\t\t<div class=\"elementor-widget-container\">\n\t\t\t\t\t\t\t\t\t<p><strong>B\u00e4renzwinger Berlin Nie Wieder Und Jetzt 9.5.24 \u2013 21.7.24<\/strong><\/p><p>Familiendokumente Gro\u00dfvater Widerstandsk\u00e4mpfer Fritz Hilger,<br \/>Digitalpr\u00e4sentation, Ausstellung unserer Familiengeschichte \u2013 F\u00fcr meine Mutter Anna.<br \/>Die K\u00fcnstlerin Laura Fiorio hat zur Einreichung unserer Familiendokumente zum Thema:<br \/>Das historische Ged\u00e4chtnis des Nationalsozialismus, eingeladen.<\/p>\t\t\t\t\t\t\t\t<\/div>\n\t\t\t\t<\/div>\n\t\t\t\t<div class=\"elementor-element elementor-element-3c0b94db elementor-widget elementor-widget-gallery\" data-id=\"3c0b94db\" data-element_type=\"widget\" data-e-type=\"widget\" data-settings=\"{&quot;gallery_layout&quot;:&quot;masonry&quot;,&quot;columns&quot;:3,&quot;overlay_title&quot;:&quot;alt&quot;,&quot;lazyload&quot;:&quot;yes&quot;,&quot;columns_tablet&quot;:2,&quot;columns_mobile&quot;:1,&quot;gap&quot;:{&quot;unit&quot;:&quot;px&quot;,&quot;size&quot;:10,&quot;sizes&quot;:[]},&quot;gap_tablet&quot;:{&quot;unit&quot;:&quot;px&quot;,&quot;size&quot;:10,&quot;sizes&quot;:[]},&quot;gap_mobile&quot;:{&quot;unit&quot;:&quot;px&quot;,&quot;size&quot;:10,&quot;sizes&quot;:[]},&quot;link_to&quot;:&quot;file&quot;,&quot;content_hover_animation&quot;:&quot;fade-in&quot;}\" data-widget_type=\"gallery.default\">\n\t\t\t\t<div class=\"elementor-widget-container\">\n\t\t\t\t\t\t\t\t<div class=\"elementor-gallery__titles-container e--pointer-underline e--animation-fade\" aria-label=\"Galeriefilter\">\n\t\t\t\t\n\t\t\t\t\t\t\t\t\t<a class=\"elementor-item elementor-gallery-title\" role=\"button\" tabindex=\"0\" data-gallery-index=\"0\">\n\t\t\t\t\t\tNie wieder und jetzt\t\t\t\t\t<\/a>\n\t\t\t\t\t\t\t\t<\/div>\n\t\t\t\t\t<div class=\"elementor-gallery__container\">\n\t\t\t\t\t\t\t<a class=\"e-gallery-item elementor-gallery-item elementor-animated-content\" data-e-gallery-tags=\"0\" href=\"https:\/\/simonelukas.art\/wp-content\/uploads\/2025\/02\/BZ_2024_Niewiederundjetzt_JuanSaez_Web050.jpg\" data-elementor-open-lightbox=\"yes\" data-elementor-lightbox-slideshow=\"3c0b94db\" data-elementor-lightbox-title=\"Ausstellungsansicht, Nie wieder und jetzt\" data-elementor-lightbox-description=\"B\u00e4renzwinger, Berlin\" data-e-action-hash=\"#elementor-action%3Aaction%3Dlightbox%26settings%3DeyJpZCI6MjYwNCwidXJsIjoiaHR0cHM6XC9cL3NpbW9uZWx1a2FzLmFydFwvd3AtY29udGVudFwvdXBsb2Fkc1wvMjAyNVwvMDJcL0JaXzIwMjRfTmlld2llZGVydW5kamV0enRfSnVhblNhZXpfV2ViMDUwLmpwZyIsInNsaWRlc2hvdyI6IjNjMGI5NGRiIn0%3D\">\n\t\t\t\t\t<div class=\"e-gallery-image elementor-gallery-item__image\" data-thumbnail=\"https:\/\/simonelukas.art\/wp-content\/uploads\/2025\/02\/BZ_2024_Niewiederundjetzt_JuanSaez_Web050-768x512.jpg\" data-width=\"768\" data-height=\"512\" aria-label=\"\" role=\"img\" ><\/div>\n\t\t\t\t\t\t\t\t\t\t\t\t\t\t\t<div class=\"elementor-gallery-item__content\">\n\t\t\t\t\t\t\t\t\t\t\t<\/div>\n\t\t\t\t\t\t\t\t\t<\/a>\n\t\t\t\t\t\t\t<a class=\"e-gallery-item elementor-gallery-item elementor-animated-content\" data-e-gallery-tags=\"0\" href=\"https:\/\/simonelukas.art\/wp-content\/uploads\/2025\/02\/BZ_2024_Niewiederundjetzt_JuanSaez_Print081.jpg\" data-elementor-open-lightbox=\"yes\" data-elementor-lightbox-slideshow=\"3c0b94db\" data-elementor-lightbox-title=\"Ausstellungsansicht, Nie wieder und jetzt\" data-elementor-lightbox-description=\"B\u00e4renzwinger, Berlin\" data-e-action-hash=\"#elementor-action%3Aaction%3Dlightbox%26settings%3DeyJpZCI6MjYwMywidXJsIjoiaHR0cHM6XC9cL3NpbW9uZWx1a2FzLmFydFwvd3AtY29udGVudFwvdXBsb2Fkc1wvMjAyNVwvMDJcL0JaXzIwMjRfTmlld2llZGVydW5kamV0enRfSnVhblNhZXpfUHJpbnQwODEuanBnIiwic2xpZGVzaG93IjoiM2MwYjk0ZGIifQ%3D%3D\">\n\t\t\t\t\t<div class=\"e-gallery-image elementor-gallery-item__image\" data-thumbnail=\"https:\/\/simonelukas.art\/wp-content\/uploads\/2025\/02\/BZ_2024_Niewiederundjetzt_JuanSaez_Print081-768x1152.jpg\" data-width=\"768\" data-height=\"1152\" aria-label=\"\" role=\"img\" ><\/div>\n\t\t\t\t\t\t\t\t\t\t\t\t\t\t\t<div class=\"elementor-gallery-item__content\">\n\t\t\t\t\t\t\t\t\t\t\t<\/div>\n\t\t\t\t\t\t\t\t\t<\/a>\n\t\t\t\t\t\t\t<a class=\"e-gallery-item elementor-gallery-item elementor-animated-content\" data-e-gallery-tags=\"0\" href=\"https:\/\/simonelukas.art\/wp-content\/uploads\/2025\/02\/007.jpg\" data-elementor-open-lightbox=\"yes\" data-elementor-lightbox-slideshow=\"3c0b94db\" data-elementor-lightbox-title=\"Familiengeschichte Fritz Hilger\" data-elementor-lightbox-description=\"Dokument Bundesarchiv\" data-e-action-hash=\"#elementor-action%3Aaction%3Dlightbox%26settings%3DeyJpZCI6MjU4NiwidXJsIjoiaHR0cHM6XC9cL3NpbW9uZWx1a2FzLmFydFwvd3AtY29udGVudFwvdXBsb2Fkc1wvMjAyNVwvMDJcLzAwNy5qcGciLCJzbGlkZXNob3ciOiIzYzBiOTRkYiJ9\">\n\t\t\t\t\t<div class=\"e-gallery-image elementor-gallery-item__image\" data-thumbnail=\"https:\/\/simonelukas.art\/wp-content\/uploads\/2025\/02\/007-768x993.jpg\" data-width=\"768\" data-height=\"993\" aria-label=\"\" role=\"img\" ><\/div>\n\t\t\t\t\t\t\t\t\t\t\t\t\t\t\t<div class=\"elementor-gallery-item__content\">\n\t\t\t\t\t\t\t\t\t\t\t<\/div>\n\t\t\t\t\t\t\t\t\t<\/a>\n\t\t\t\t\t\t\t<a class=\"e-gallery-item elementor-gallery-item elementor-animated-content\" data-e-gallery-tags=\"0\" href=\"https:\/\/simonelukas.art\/wp-content\/uploads\/2025\/02\/008.jpg\" data-elementor-open-lightbox=\"yes\" data-elementor-lightbox-slideshow=\"3c0b94db\" data-elementor-lightbox-title=\"Familiengeschichte Fritz Hilger\" data-e-action-hash=\"#elementor-action%3Aaction%3Dlightbox%26settings%3DeyJpZCI6MjU4NywidXJsIjoiaHR0cHM6XC9cL3NpbW9uZWx1a2FzLmFydFwvd3AtY29udGVudFwvdXBsb2Fkc1wvMjAyNVwvMDJcLzAwOC5qcGciLCJzbGlkZXNob3ciOiIzYzBiOTRkYiJ9\">\n\t\t\t\t\t<div class=\"e-gallery-image elementor-gallery-item__image\" data-thumbnail=\"https:\/\/simonelukas.art\/wp-content\/uploads\/2025\/02\/008-768x993.jpg\" data-width=\"768\" data-height=\"993\" aria-label=\"\" role=\"img\" ><\/div>\n\t\t\t\t\t\t\t\t\t\t\t\t\t\t\t<div class=\"elementor-gallery-item__content\">\n\t\t\t\t\t\t\t\t\t\t\t<\/div>\n\t\t\t\t\t\t\t\t\t<\/a>\n\t\t\t\t\t\t\t<a class=\"e-gallery-item elementor-gallery-item elementor-animated-content\" data-e-gallery-tags=\"0\" href=\"https:\/\/simonelukas.art\/wp-content\/uploads\/2025\/02\/001.jpg\" data-elementor-open-lightbox=\"yes\" data-elementor-lightbox-slideshow=\"3c0b94db\" data-elementor-lightbox-title=\"Familiengeschichte Fritz Hilger\" data-elementor-lightbox-description=\"Photo, Fritz Hilger,\nBundesarchiv\" data-e-action-hash=\"#elementor-action%3Aaction%3Dlightbox%26settings%3DeyJpZCI6MjU4NSwidXJsIjoiaHR0cHM6XC9cL3NpbW9uZWx1a2FzLmFydFwvd3AtY29udGVudFwvdXBsb2Fkc1wvMjAyNVwvMDJcLzAwMS5qcGciLCJzbGlkZXNob3ciOiIzYzBiOTRkYiJ9\">\n\t\t\t\t\t<div class=\"e-gallery-image elementor-gallery-item__image\" data-thumbnail=\"https:\/\/simonelukas.art\/wp-content\/uploads\/2025\/02\/001.jpg\" data-width=\"629\" data-height=\"657\" aria-label=\"\" role=\"img\" ><\/div>\n\t\t\t\t\t\t\t\t\t\t\t\t\t\t\t<div class=\"elementor-gallery-item__content\">\n\t\t\t\t\t\t\t\t\t\t\t<\/div>\n\t\t\t\t\t\t\t\t\t<\/a>\n\t\t\t\t\t\t\t<a class=\"e-gallery-item elementor-gallery-item elementor-animated-content\" data-e-gallery-tags=\"0\" href=\"https:\/\/simonelukas.art\/wp-content\/uploads\/2025\/02\/Fritz_Spanien-scaled.jpg\" data-elementor-open-lightbox=\"yes\" data-elementor-lightbox-slideshow=\"3c0b94db\" data-elementor-lightbox-title=\"Familiengeschichte Fritz Hilger\" data-elementor-lightbox-description=\"1939, Foto Fritz Hilger, Spanien\" data-e-action-hash=\"#elementor-action%3Aaction%3Dlightbox%26settings%3DeyJpZCI6MjYxMCwidXJsIjoiaHR0cHM6XC9cL3NpbW9uZWx1a2FzLmFydFwvd3AtY29udGVudFwvdXBsb2Fkc1wvMjAyNVwvMDJcL0ZyaXR6X1NwYW5pZW4tc2NhbGVkLmpwZyIsInNsaWRlc2hvdyI6IjNjMGI5NGRiIn0%3D\">\n\t\t\t\t\t<div class=\"e-gallery-image elementor-gallery-item__image\" data-thumbnail=\"https:\/\/simonelukas.art\/wp-content\/uploads\/2025\/02\/Fritz_Spanien-768x531.jpg\" data-width=\"768\" data-height=\"531\" aria-label=\"\" role=\"img\" ><\/div>\n\t\t\t\t\t\t\t\t\t\t\t\t\t\t\t<div class=\"elementor-gallery-item__content\">\n\t\t\t\t\t\t\t\t\t\t\t<\/div>\n\t\t\t\t\t\t\t\t\t<\/a>\n\t\t\t\t\t\t\t<a class=\"e-gallery-item elementor-gallery-item elementor-animated-content\" data-e-gallery-tags=\"0\" href=\"https:\/\/simonelukas.art\/wp-content\/uploads\/2025\/02\/IMG_0004b-scaled.jpg\" data-elementor-open-lightbox=\"yes\" data-elementor-lightbox-slideshow=\"3c0b94db\" data-elementor-lightbox-title=\"Familiengeschichte Fritz Hilger\" data-elementor-lightbox-description=\"1949 Foto, Anna Helene Hilger\" data-e-action-hash=\"#elementor-action%3Aaction%3Dlightbox%26settings%3DeyJpZCI6MjYxMSwidXJsIjoiaHR0cHM6XC9cL3NpbW9uZWx1a2FzLmFydFwvd3AtY29udGVudFwvdXBsb2Fkc1wvMjAyNVwvMDJcL0lNR18wMDA0Yi1zY2FsZWQuanBnIiwic2xpZGVzaG93IjoiM2MwYjk0ZGIifQ%3D%3D\">\n\t\t\t\t\t<div class=\"e-gallery-image elementor-gallery-item__image\" data-thumbnail=\"https:\/\/simonelukas.art\/wp-content\/uploads\/2025\/02\/IMG_0004b-768x955.jpg\" data-width=\"768\" data-height=\"955\" aria-label=\"\" role=\"img\" ><\/div>\n\t\t\t\t\t\t\t\t\t\t\t\t\t\t\t<div class=\"elementor-gallery-item__content\">\n\t\t\t\t\t\t\t\t\t\t\t<\/div>\n\t\t\t\t\t\t\t\t\t<\/a>\n\t\t\t\t\t<\/div>\n\t\t\t\t\t<\/div>\n\t\t\t\t<\/div>\n\t\t\t\t\t<\/div>\n\t\t<\/div>\n\t\t\t\t\t<\/div>\n\t\t<\/section>\n\t\t\t\t<\/div>\n\t\t","protected":false},"excerpt":{"rendered":"<p>Ausstellung B\u00e4renzwinger Berlin Nie Wieder Und Jetzt 9.5.24 \u2013 21.7.24 Familiendokumente Gro\u00dfvater Widerstandsk\u00e4mpfer Fritz Hilger,Digitalpr\u00e4sentation, Ausstellung unserer Familiengeschichte \u2013 F\u00fcr meine Mutter Anna.Die K\u00fcnstlerin Laura Fiorio hat zur Einreichung unserer Familiendokumente zum Thema:Das historische Ged\u00e4chtnis des Nationalsozialismus, eingeladen. Nie wieder und jetzt<\/p>\n","protected":false},"author":1,"featured_media":0,"parent":0,"menu_order":0,"comment_status":"closed","ping_status":"closed","template":"","meta":{"ocean_post_layout":"full-screen","ocean_both_sidebars_style":"","ocean_both_sidebars_content_width":0,"ocean_both_sidebars_sidebars_width":0,"ocean_sidebar":"","ocean_second_sidebar":"","ocean_disable_margins":"enable","ocean_add_body_class":"","ocean_shortcode_before_top_bar":"","ocean_shortcode_after_top_bar":"","ocean_shortcode_before_header":"","ocean_shortcode_after_header":"","ocean_has_shortcode":"","ocean_shortcode_after_title":"","ocean_shortcode_before_footer_widgets":"","ocean_shortcode_after_footer_widgets":"","ocean_shortcode_before_footer_bottom":"","ocean_shortcode_after_footer_bottom":"","ocean_display_top_bar":"off","ocean_display_header":"off","ocean_header_style":"","ocean_center_header_left_menu":"","ocean_custom_header_template":"","ocean_custom_logo":0,"ocean_custom_retina_logo":0,"ocean_custom_logo_max_width":0,"ocean_custom_logo_tablet_max_width":0,"ocean_custom_logo_mobile_max_width":0,"ocean_custom_logo_max_height":0,"ocean_custom_logo_tablet_max_height":0,"ocean_custom_logo_mobile_max_height":0,"ocean_header_custom_menu":"","ocean_menu_typo_font_family":"","ocean_menu_typo_font_subset":"","ocean_menu_typo_font_size":0,"ocean_menu_typo_font_size_tablet":0,"ocean_menu_typo_font_size_mobile":0,"ocean_menu_typo_font_size_unit":"px","ocean_menu_typo_font_weight":"","ocean_menu_typo_font_weight_tablet":"","ocean_menu_typo_font_weight_mobile":"","ocean_menu_typo_transform":"","ocean_menu_typo_transform_tablet":"","ocean_menu_typo_transform_mobile":"","ocean_menu_typo_line_height":0,"ocean_menu_typo_line_height_tablet":0,"ocean_menu_typo_line_height_mobile":0,"ocean_menu_typo_line_height_unit":"","ocean_menu_typo_spacing":0,"ocean_menu_typo_spacing_tablet":0,"ocean_menu_typo_spacing_mobile":0,"ocean_menu_typo_spacing_unit":"","ocean_menu_link_color":"","ocean_menu_link_color_hover":"","ocean_menu_link_color_active":"","ocean_menu_link_background":"","ocean_menu_link_hover_background":"","ocean_menu_link_active_background":"","ocean_menu_social_links_bg":"","ocean_menu_social_hover_links_bg":"","ocean_menu_social_links_color":"","ocean_menu_social_hover_links_color":"","ocean_disable_title":"on","ocean_disable_heading":"default","ocean_post_title":"","ocean_post_subheading":"","ocean_post_title_style":"","ocean_post_title_background_color":"","ocean_post_title_background":0,"ocean_post_title_bg_image_position":"","ocean_post_title_bg_image_attachment":"","ocean_post_title_bg_image_repeat":"","ocean_post_title_bg_image_size":"","ocean_post_title_height":0,"ocean_post_title_bg_overlay":0.5,"ocean_post_title_bg_overlay_color":"","ocean_disable_breadcrumbs":"default","ocean_breadcrumbs_color":"","ocean_breadcrumbs_separator_color":"","ocean_breadcrumbs_links_color":"","ocean_breadcrumbs_links_hover_color":"","ocean_display_footer_widgets":"default","ocean_display_footer_bottom":"default","ocean_custom_footer_template":"","footnotes":""},"class_list":["post-3466","page","type-page","status-publish","hentry","entry"],"_links":{"self":[{"href":"http:\/\/simonelukas.art\/index.php?rest_route=\/wp\/v2\/pages\/3466","targetHints":{"allow":["GET"]}}],"collection":[{"href":"http:\/\/simonelukas.art\/index.php?rest_route=\/wp\/v2\/pages"}],"about":[{"href":"http:\/\/simonelukas.art\/index.php?rest_route=\/wp\/v2\/types\/page"}],"author":[{"embeddable":true,"href":"http:\/\/simonelukas.art\/index.php?rest_route=\/wp\/v2\/users\/1"}],"replies":[{"embeddable":true,"href":"http:\/\/simonelukas.art\/index.php?rest_route=%2Fwp%2Fv2%2Fcomments&post=3466"}],"version-history":[{"count":43,"href":"http:\/\/simonelukas.art\/index.php?rest_route=\/wp\/v2\/pages\/3466\/revisions"}],"predecessor-version":[{"id":3847,"href":"http:\/\/simonelukas.art\/index.php?rest_route=\/wp\/v2\/pages\/3466\/revisions\/3847"}],"wp:attachment":[{"href":"http:\/\/simonelukas.art\/index.php?rest_route=%2Fwp%2Fv2%2Fmedia&parent=3466"}],"curies":[{"name":"wp","href":"https:\/\/api.w.org\/{rel}","templated":true}]}}